{"id":99,"date":"2022-03-24T12:22:32","date_gmt":"2022-03-24T11:22:32","guid":{"rendered":"https:\/\/test.kszlech.pl\/?page_id=99"},"modified":"2025-10-01T09:41:59","modified_gmt":"2025-10-01T07:41:59","slug":"szkolka-szachowa","status":"publish","type":"page","link":"https:\/\/kszlech.pl\/index.php\/szkolka-szachowa\/","title":{"rendered":"Szk\u00f3\u0142ka szachowa"},"content":{"rendered":"\n<p>Zapraszamy na zaj\u0119cia szk\u00f3\u0142ki szachowej. <\/p>\n\n\n\n<p>Aktualizacja: 22.09.2025<\/p>\n\n\n\n<figure class=\"wp-block-image size-full\"><img loading=\"lazy\" decoding=\"async\" width=\"622\" height=\"489\" src=\"https:\/\/kszlech.pl\/wp-content\/uploads\/2025\/10\/image.png\" alt=\"\" class=\"wp-image-4131\" srcset=\"https:\/\/kszlech.pl\/wp-content\/uploads\/2025\/10\/image.png 622w, https:\/\/kszlech.pl\/wp-content\/uploads\/2025\/10\/image-300x236.png 300w\" sizes=\"auto, (max-width: 622px) 100vw, 622px\" \/><\/figure>\n\n\n\n<p class=\"has-luminous-vivid-amber-background-color has-background\">Miejsce zaj\u0119\u0107: Dom Kultury Kr\u0105g, Pozna\u0144, ul. Dmowskiego 37<\/p>\n\n\n\n<figure class=\"wp-block-image size-full\"><img loading=\"lazy\" decoding=\"async\" width=\"960\" height=\"720\" src=\"https:\/\/kszlech.pl\/wp-content\/uploads\/2024\/02\/377552553_798622412264052_2341709414464762816_n.jpg\" alt=\"\" class=\"wp-image-3830\" srcset=\"https:\/\/kszlech.pl\/wp-content\/uploads\/2024\/02\/377552553_798622412264052_2341709414464762816_n.jpg 960w, https:\/\/kszlech.pl\/wp-content\/uploads\/2024\/02\/377552553_798622412264052_2341709414464762816_n-300x225.jpg 300w\" sizes=\"auto, (max-width: 960px) 100vw, 960px\" \/><\/figure>\n\n\n\n<p><a href=\"https:\/\/kszlech.pl\/index.php\/zadania-szachowe\/\">Zadania szachowe<\/a><\/p>\n\n\n\n<div class=\"wp-block-query is-layout-flow wp-block-query-is-layout-flow\"><ul class=\"columns-3 wp-block-post-template is-layout-grid wp-container-core-post-template-is-layout-6d3fbd8f wp-block-post-template-is-layout-grid\"><li class=\"wp-block-post post-4083 post type-post status-publish format-standard hentry category-szkolka-szachowa category-turnieje-szachowe\">\n<h2 class=\"wp-block-post-title\"><a href=\"https:\/\/kszlech.pl\/index.php\/2025\/08\/28\/mistrzostwa-unii-europejskiej-2-zlote-medale\/\" target=\"_self\" >Mistrzostwa Unii Europejskiej &#8211; 2 z\u0142ote medale<\/a><\/h2>\n\n<div class=\"wp-block-post-date has-small-font-size\"><time datetime=\"2025-08-28T12:35:00+02:00\">28 sierpnia 2025<\/time><\/div>\n\n<div class=\"wp-block-post-excerpt\"><p class=\"wp-block-post-excerpt__excerpt\">MEGA sukces !!! *** PODW\u00d3JNE Z\u0141OTO *** Reprezentaci Lech Pozna\u0144 i Polski Zwi\u0105zek Szachowy Matvii Bilochenko i Andriy Diachek zdobyli tytu\u0142y Mistrza Unii Europejskiej, odpowiednio do lat 12-stu i do lat 14-stu. Turniej organizowany przez European Chess Union Szczeg\u00f3\u0142y na stronie zawod\u00f3w: https:\/\/www.europechess.org\/european-union-youth-u8-u14-chess-championship-2025 We wcze\u015bniejszych latach wsparcie naszym juniorom udzieli\u0142a Fundacja CRIDO &#8211; Warto pomaga\u0107<\/p><p class=\"wp-block-post-excerpt__more-text\"><a class=\"wp-block-post-excerpt__more-link\" href=\"https:\/\/kszlech.pl\/index.php\/2025\/08\/28\/mistrzostwa-unii-europejskiej-2-zlote-medale\/\">Czytaj dalej&#8230;<\/a><\/p><\/div>\n\n\n<hr class=\"wp-block-separator has-css-opacity\"\/>\n\n<\/li><li class=\"wp-block-post post-4086 post type-post status-publish format-standard hentry category-szkolka-szachowa category-turnieje-szachowe\">\n<h2 class=\"wp-block-post-title\"><a href=\"https:\/\/kszlech.pl\/index.php\/2025\/08\/15\/mistrzostwa-polski-juniorow-w-szachach-szybkich-i-blyskawicznych-medale\/\" target=\"_self\" >Mistrzostwa Polski Junior\u00f3w w szachach szybkich i b\u0142yskawicznych &#8211; medale!<\/a><\/h2>\n\n<div class=\"wp-block-post-date has-small-font-size\"><time datetime=\"2025-08-15T12:38:08+02:00\">15 sierpnia 2025<\/time><\/div>\n\n<div class=\"wp-block-post-excerpt\"><p class=\"wp-block-post-excerpt__excerpt\">W dniach 12.-13. sierpnia odby\u0142y si\u0119 Mistrzostwach Polski Junior\u00f3w w szachach szybkich a dniu 14. sierpnia w szachach b\u0142yskawicznych. Miejscem rozgrywek by\u0142a hala \u0141uczniczka w Bydgoszczy. Wyst\u0119py naszych junior\u00f3w mo\u017cna w skr\u00f3cie opisa\u0107 jako &#8230; emocje, do\u015bwiadczenia, sukcesy i motywacja do dalszego rozwoju. Zdobyli\u015bmy dwa medale oraz zaj\u0119li\u015bmy miejsca tu\u017c za podium! Podsumowanie zaczniemy od<\/p><p class=\"wp-block-post-excerpt__more-text\"><a class=\"wp-block-post-excerpt__more-link\" href=\"https:\/\/kszlech.pl\/index.php\/2025\/08\/15\/mistrzostwa-polski-juniorow-w-szachach-szybkich-i-blyskawicznych-medale\/\">Czytaj dalej&#8230;<\/a><\/p><\/div>\n\n\n<hr class=\"wp-block-separator has-css-opacity\"\/>\n\n<\/li><li class=\"wp-block-post post-4121 post type-post status-publish format-standard hentry category-ligi category-szkolka-szachowa category-turnieje-szachowe\">\n<h2 class=\"wp-block-post-title\"><a href=\"https:\/\/kszlech.pl\/index.php\/2025\/06\/26\/i-liga-juniorow-2025-chotowa\/\" target=\"_self\" >I Liga Junior\u00f3w 2025 &#8211; Chotowa<\/a><\/h2>\n\n<div class=\"wp-block-post-date has-small-font-size\"><time datetime=\"2025-06-26T12:58:00+02:00\">26 czerwca 2025<\/time><\/div>\n\n<div class=\"wp-block-post-excerpt\"><p class=\"wp-block-post-excerpt__excerpt\">W zako\u0144czonych w niedziel\u0119 Dru\u017cynowych Mistrzostwach Polski nasza SUPER dru\u017cyna junior\u00f3w, w sk\u0142adzie: powt\u00f3rzy\u0142a sukces z ubieg\u0142ego roku i pewnie utrzyma\u0142a si\u0119 na poziomie 1. ligi dziel\u0105c 3-4 miejsce. Ostatecznie to jednak dru\u017cyna z Cz\u0119stochowy zdoby\u0142a br\u0105zowy medal (wyprzedzaj\u0105c nas o 1,5 pkt punktacji pomocniczej). Pierwsze miejsce zaj\u0119\u0142a dru\u017cyna z Gorzowa Wielkopolskiego a drugie dru\u017cyna<\/p><p class=\"wp-block-post-excerpt__more-text\"><a class=\"wp-block-post-excerpt__more-link\" href=\"https:\/\/kszlech.pl\/index.php\/2025\/06\/26\/i-liga-juniorow-2025-chotowa\/\">Czytaj dalej&#8230;<\/a><\/p><\/div>\n\n\n<hr class=\"wp-block-separator has-css-opacity\"\/>\n\n<\/li><li class=\"wp-block-post post-4023 post type-post status-publish format-standard hentry category-szkolka-szachowa category-turnieje-szachowe\">\n<h2 class=\"wp-block-post-title\"><a href=\"https:\/\/kszlech.pl\/index.php\/2025\/05\/13\/mistrzostwa-wielkopolski-mlodzikow-cd9-2025\/\" target=\"_self\" >Mistrzostwa Wielkopolski M\u0142odzik\u00f3w CD9 &#8211; \u015alesin 2025<\/a><\/h2>\n\n<div class=\"wp-block-post-date has-small-font-size\"><time datetime=\"2025-05-13T10:20:05+02:00\">13 maja 2025<\/time><\/div>\n\n<div class=\"wp-block-post-excerpt\"><p class=\"wp-block-post-excerpt__excerpt\">19-22 czerwca 2025r &#8211; \u015alesin<\/p><p class=\"wp-block-post-excerpt__more-text\"><a class=\"wp-block-post-excerpt__more-link\" href=\"https:\/\/kszlech.pl\/index.php\/2025\/05\/13\/mistrzostwa-wielkopolski-mlodzikow-cd9-2025\/\">Czytaj dalej&#8230;<\/a><\/p><\/div>\n\n\n<hr class=\"wp-block-separator has-css-opacity\"\/>\n\n<\/li><li class=\"wp-block-post post-4021 post type-post status-publish format-standard hentry category-szkolka-szachowa category-turnieje-szachowe\">\n<h2 class=\"wp-block-post-title\"><a href=\"https:\/\/kszlech.pl\/index.php\/2025\/05\/13\/mistrzostwa-wielkopolski-juniorow-cd11-17-sypniewo-2025\/\" target=\"_self\" >Mistrzostwa Wielkopolski Junior\u00f3w (CD11-17) &#8211; Sypniewo 2025<\/a><\/h2>\n\n<div class=\"wp-block-post-date has-small-font-size\"><time datetime=\"2025-05-13T10:16:38+02:00\">13 maja 2025<\/time><\/div>\n\n<div class=\"wp-block-post-excerpt\"><p class=\"wp-block-post-excerpt__excerpt\">Mistrzostwa Wielkopolski Junior\u00f3w CD11-17 odb\u0119d\u0105 si\u0119 11-15 czerwca w Sypniewie Serwis turniejowy: https:\/\/www.chessmanager.com\/pl-pl\/tournaments\/5087625294905344<\/p><p class=\"wp-block-post-excerpt__more-text\"><a class=\"wp-block-post-excerpt__more-link\" href=\"https:\/\/kszlech.pl\/index.php\/2025\/05\/13\/mistrzostwa-wielkopolski-juniorow-cd11-17-sypniewo-2025\/\">Czytaj dalej&#8230;<\/a><\/p><\/div>\n\n\n<hr class=\"wp-block-separator has-css-opacity\"\/>\n\n<\/li><li class=\"wp-block-post post-4031 post type-post status-publish format-standard hentry category-szkolka-szachowa category-turnieje-szachowe\">\n<h2 class=\"wp-block-post-title\"><a href=\"https:\/\/kszlech.pl\/index.php\/2025\/04\/30\/mistrzostwa-polski-juniorow-12-14-suwalki-2025\/\" target=\"_self\" >Mistrzostwa Polski Junior\u00f3w &#8211; 2025<\/a><\/h2>\n\n<div class=\"wp-block-post-date has-small-font-size\"><time datetime=\"2025-04-30T22:28:00+02:00\">30 kwietnia 2025<\/time><\/div>\n\n<div class=\"wp-block-post-excerpt\"><p class=\"wp-block-post-excerpt__excerpt\">Grupa do lat 10 Indywidualne Mistrzostwa Polski M\u0142odzik\u00f3w do lat 10 rozegrano w O\u015brodku Wczasowym B\u0119sia, B\u0119sia 21, 11-311 Kolno. Termin 3-10.03.2025r. Serwis turniejowy: https:\/\/www.chessmanager.com\/pl-pl\/tournaments\/6294290998493184 D10: 16. Hania Janaszak 5.5 pkt Grupy 12-14 Suwa\u0142ki Og\u00f3lnopolska Olimpiada M\u0142odzie\u017cy (Fina\u0142 Mistrzostw Polski Junior\u00f3w do lat 12 oraz 14) rozegrano w Suwa\u0142kach, 23-30.04.2025r. Serwisy turniejowe: Wyniki naszych zawodnik\u00f3w:<\/p><p class=\"wp-block-post-excerpt__more-text\"><a class=\"wp-block-post-excerpt__more-link\" href=\"https:\/\/kszlech.pl\/index.php\/2025\/04\/30\/mistrzostwa-polski-juniorow-12-14-suwalki-2025\/\">Czytaj dalej&#8230;<\/a><\/p><\/div>\n\n\n<hr class=\"wp-block-separator has-css-opacity\"\/>\n\n<\/li><\/ul><\/div>\n\n\n\n<div class=\"wp-block-buttons is-layout-flex wp-block-buttons-is-layout-flex\">\n<div class=\"wp-block-button\"><a class=\"wp-block-button__link wp-element-button\" href=\"https:\/\/kszlech.pl\/index.php\/category\/szkolka-szachowa\/\">Wszystkie wiadomo\u015bci<\/a><\/div>\n<\/div>\n\n\n\n<p><\/p>\n","protected":false},"excerpt":{"rendered":"<p>Zapraszamy na zaj\u0119cia szk\u00f3\u0142ki szachowej. Aktualizacja: 22.09.2025 Miejsce zaj\u0119\u0107: Dom Kultury Kr\u0105g, Pozna\u0144, ul. Dmowskiego 37 Zadania szachowe<\/p>\n","protected":false},"author":2,"featured_media":0,"parent":0,"menu_order":0,"comment_status":"closed","ping_status":"closed","template":"","meta":{"footnotes":""},"class_list":["post-99","page","type-page","status-publish","hentry"],"_links":{"self":[{"href":"https:\/\/kszlech.pl\/index.php\/wp-json\/wp\/v2\/pages\/99","targetHints":{"allow":["GET"]}}],"collection":[{"href":"https:\/\/kszlech.pl\/index.php\/wp-json\/wp\/v2\/pages"}],"about":[{"href":"https:\/\/kszlech.pl\/index.php\/wp-json\/wp\/v2\/types\/page"}],"author":[{"embeddable":true,"href":"https:\/\/kszlech.pl\/index.php\/wp-json\/wp\/v2\/users\/2"}],"replies":[{"embeddable":true,"href":"https:\/\/kszlech.pl\/index.php\/wp-json\/wp\/v2\/comments?post=99"}],"version-history":[{"count":17,"href":"https:\/\/kszlech.pl\/index.php\/wp-json\/wp\/v2\/pages\/99\/revisions"}],"predecessor-version":[{"id":4133,"href":"https:\/\/kszlech.pl\/index.php\/wp-json\/wp\/v2\/pages\/99\/revisions\/4133"}],"wp:attachment":[{"href":"https:\/\/kszlech.pl\/index.php\/wp-json\/wp\/v2\/media?parent=99"}],"curies":[{"name":"wp","href":"https:\/\/api.w.org\/{rel}","templated":true}]}}