{"id":2750,"date":"2022-04-23T16:57:54","date_gmt":"2022-04-23T14:57:54","guid":{"rendered":"https:\/\/kszlech.pl\/?page_id=2750"},"modified":"2022-05-02T21:41:57","modified_gmt":"2022-05-02T19:41:57","slug":"zbigniew-doda","status":"publish","type":"page","link":"https:\/\/kszlech.pl\/index.php\/zbigniew-doda\/","title":{"rendered":"Zbigniew Doda"},"content":{"rendered":"\n<figure class=\"wp-block-image size-full is-style-default\"><img loading=\"lazy\" decoding=\"async\" width=\"170\" height=\"227\" src=\"https:\/\/kszlech.pl\/wp-content\/uploads\/2022\/05\/zbigniew-doda.png\" alt=\"\" class=\"wp-image-2954\"\/><figcaption>IM Zbigniew Doda<\/figcaption><\/figure>\n\n\n\n<p><strong>Mistrz mi\u0119dzynarodowy Zbigniew Doda<\/strong><\/p>\n\n\n\n<p>Najwybitniejszy szachista w historii naszego Klubu Zbigniew Doda, kt\u00f3ry urodzi\u0142 si\u0119 22.02.1931 r. w Poznaniu, zmar\u0142&nbsp;&nbsp;8.02.2013 r. tak\u017ce w Poznaniu; by\u0142 jednym z czo\u0142owych polskich szachist\u00f3w w okresie po II wojnie \u015bwiatowej. Z tajnikami kr\u00f3lewskiej gry zapozna\u0142 si\u0119 w wieku 9 lat, ale powa\u017cnie zainteresowa\u0142 si\u0119 szachami dopiero po uko\u0144czeniu szko\u0142y \u015bredniej. Odt\u0105d poczyni\u0142 szybkie post\u0119py i w 1949 r. w Sopocie podzieli\u0142 4-6 miejsce na mistrzostwach Polski junior\u00f3w. W 1952 r. wygra\u0142 w Lublinie turniej ze 100 %-wym wynikiem i otrzyma\u0142 tytu\u0142 kandydata na mistrza. W rok p\u00f3\u017aniej podzieli\u0142 1-2 miejsce w bardzo silnie obsadzonym p\u00f3\u0142finale MP w Poznaniu, wyprzedzaj\u0105c wielu renomowanych mistrz\u00f3w. Debiut w finale w 1953 r. nie by\u0142 udany, ale da\u0142 mu pierwsze wa\u017cne do\u015bwiadczenia i do 1978 r. wyst\u0105pi\u0142 w fina\u0142ach a\u017c 21 razy. Dwukrotnie wywalczy\u0142 tytu\u0142 mistrza Polski, zdoby\u0142 w sumie 5 medali oraz 5 dalszych z dru\u017cyn\u0105 KS LECH Pozna\u0144.&nbsp;<\/p>\n\n\n\n<h2 class=\"wp-block-heading\">Medale w Indywidualnych Mistrzostwach Polski<\/h2>\n\n\n\n<figure class=\"wp-block-table is-style-stripes\"><table><tbody><tr><td>1960<\/td><td>Wroc\u0142aw<\/td><td>srebrny medal<\/td><\/tr><tr><td>1962<\/td><td>Pozna\u0144<\/td><td>srebrny medal<\/td><\/tr><tr><td>1964<\/td><td>Warszawa<\/td><td>z\u0142oty medal<\/td><\/tr><tr><td>1965<\/td><td>Lublin<\/td><td>srebrny medal<\/td><\/tr><tr><td>1967<\/td><td>Szczecin<\/td><td>z\u0142oty medal<\/td><\/tr><\/tbody><\/table><\/figure>\n\n\n\n<h2 class=\"wp-block-heading\"><strong>Medale w Dru\u017cynowych Mistrzostwach Polski<\/strong><\/h2>\n\n\n\n<p><strong>Szachy klasyczne<\/strong><strong><\/strong><\/p>\n\n\n\n<p>1985&nbsp;&nbsp;&nbsp;&nbsp;&nbsp;&nbsp;&nbsp;&nbsp;&nbsp;&nbsp;&nbsp;&nbsp;&nbsp;&nbsp;&nbsp;&nbsp;Mi\u0119dzybrodzie \u017bywieckie&nbsp;&nbsp;&nbsp;&nbsp;&nbsp;&nbsp;&nbsp;br\u0105zowy medal&nbsp;<\/p>\n\n\n\n<p>1987&nbsp;&nbsp;&nbsp;&nbsp;&nbsp;&nbsp;&nbsp;&nbsp;&nbsp;&nbsp;&nbsp;&nbsp;&nbsp;&nbsp;&nbsp;&nbsp;Jachranka&nbsp;&nbsp;&nbsp;&nbsp;&nbsp;&nbsp;&nbsp;&nbsp;&nbsp;&nbsp;&nbsp;&nbsp;&nbsp;&nbsp;&nbsp;&nbsp;&nbsp;&nbsp;&nbsp;&nbsp;&nbsp;&nbsp;&nbsp;&nbsp;&nbsp;&nbsp;&nbsp;&nbsp;&nbsp;&nbsp;&nbsp;z\u0142oty medal&nbsp;<\/p>\n\n\n\n<p>1989&nbsp;&nbsp;&nbsp;&nbsp;&nbsp;&nbsp;&nbsp;&nbsp;&nbsp;&nbsp;&nbsp;&nbsp;&nbsp;&nbsp;&nbsp;&nbsp;\u0141eba&nbsp;&nbsp;&nbsp;&nbsp;&nbsp;&nbsp;&nbsp;&nbsp;&nbsp;&nbsp;&nbsp;&nbsp;&nbsp;&nbsp;&nbsp;&nbsp;&nbsp;&nbsp;&nbsp;&nbsp;&nbsp;&nbsp;&nbsp;&nbsp;&nbsp;&nbsp;&nbsp;&nbsp;&nbsp;&nbsp;&nbsp;&nbsp;&nbsp;&nbsp;&nbsp;&nbsp;&nbsp;&nbsp;&nbsp;&nbsp;br\u0105zowy medal&nbsp;<\/p>\n\n\n\n<p><strong>Gra b\u0142yskawiczna<\/strong><strong><\/strong><\/p>\n\n\n\n<p>1970&nbsp;&nbsp;&nbsp;&nbsp;&nbsp;&nbsp;&nbsp;&nbsp;&nbsp;&nbsp;&nbsp;&nbsp;&nbsp;&nbsp;&nbsp;&nbsp;Pozna\u0144&nbsp;&nbsp;&nbsp;&nbsp;&nbsp;&nbsp;&nbsp;&nbsp;&nbsp;&nbsp;&nbsp;&nbsp;&nbsp;&nbsp;&nbsp;&nbsp;&nbsp;&nbsp;&nbsp;&nbsp;&nbsp;&nbsp;&nbsp;&nbsp;&nbsp;&nbsp;&nbsp;&nbsp;&nbsp;&nbsp;&nbsp;&nbsp;&nbsp;&nbsp;&nbsp;&nbsp;srebrny medal&nbsp;<\/p>\n\n\n\n<p>1971&nbsp;&nbsp;&nbsp;&nbsp;&nbsp;&nbsp;&nbsp;&nbsp;&nbsp;&nbsp;&nbsp;&nbsp;&nbsp;&nbsp;&nbsp;&nbsp;Bydgoszcz&nbsp;&nbsp;&nbsp;&nbsp;&nbsp;&nbsp;&nbsp;&nbsp;&nbsp;&nbsp;&nbsp;&nbsp;&nbsp;&nbsp;&nbsp;&nbsp;&nbsp;&nbsp;&nbsp;&nbsp;&nbsp;&nbsp;&nbsp;&nbsp;&nbsp;&nbsp;&nbsp;&nbsp;&nbsp;&nbsp;br\u0105zowy medal&nbsp;<\/p>\n\n\n\n<h2 class=\"wp-block-heading\"><strong>Inne najwa\u017cniejsze osi\u0105gni\u0119cia w karierze&nbsp;<\/strong><\/h2>\n\n\n\n<p>Zbigniew Doda reprezentowa\u0142 barwy Polski na 7 Olimpiadach Szachowych w latach: 1960 (Lipsk), 1962 (Z\u0142ote Piaski), 1964 (Tel Awiw), 1966 (Hawana), 1968 (Lugano), 1970 (Siegen) i 1974 (Nicea),&nbsp;zdobywaj\u0105c \u0142\u0105cznie 52,5 pkt w 92 partiach (57 %);<sup><a href=\"http:\/\/pl.wikipedia.org\/wiki\/Zbigniew_Doda_%28szachista%29#cite_note-2\"><\/a>&nbsp;<\/sup>27 razy reprezentowa\u0142 Polsk\u0119 w meczach mi\u0119dzynarodowych, wyst\u0105pi\u0142 w oko\u0142o 50 turniejach mi\u0119dzynarodowych. <\/p>\n\n\n\n<p>Najwa\u017cniejsze wyniki:&nbsp;<\/p>\n\n\n\n<p>1960&nbsp;&nbsp;&nbsp;&nbsp;&nbsp;&nbsp;&nbsp;&nbsp;&nbsp;&nbsp;&nbsp;&nbsp;&nbsp;&nbsp;&nbsp;&nbsp;Leningrad&nbsp;&nbsp;&nbsp;&nbsp;&nbsp;&nbsp;&nbsp;&nbsp;&nbsp;&nbsp;&nbsp;&nbsp;&nbsp;&nbsp;&nbsp;&nbsp;&nbsp;&nbsp;&nbsp;&nbsp;6 miejsce&nbsp;&nbsp;&nbsp;&nbsp;&nbsp;&nbsp;&nbsp;&nbsp;&nbsp;(12 uczestnik\u00f3w)<\/p>\n\n\n\n<p>1961&nbsp;&nbsp;&nbsp;&nbsp;&nbsp;&nbsp;&nbsp;&nbsp;&nbsp;&nbsp;&nbsp;&nbsp;&nbsp;&nbsp;&nbsp;&nbsp;Belgrad&nbsp;&nbsp;&nbsp;&nbsp;&nbsp;&nbsp;&nbsp;&nbsp;&nbsp;&nbsp;&nbsp;&nbsp;&nbsp;&nbsp;&nbsp;&nbsp;&nbsp;&nbsp;&nbsp;&nbsp;&nbsp;&nbsp;&nbsp;5-12 miejsce&nbsp;&nbsp;&nbsp;(24)<\/p>\n\n\n\n<p>1962&nbsp;&nbsp;&nbsp;&nbsp;&nbsp;&nbsp;&nbsp;&nbsp;&nbsp;&nbsp;&nbsp;&nbsp;&nbsp;&nbsp;&nbsp;&nbsp;Berlin&nbsp;&nbsp;&nbsp;&nbsp;&nbsp;&nbsp;&nbsp;&nbsp;&nbsp;&nbsp;&nbsp;&nbsp;&nbsp;&nbsp;&nbsp;&nbsp;&nbsp;&nbsp;&nbsp;&nbsp;&nbsp;&nbsp;&nbsp;&nbsp;&nbsp;&nbsp;&nbsp;8-10 miejsce&nbsp;&nbsp;&nbsp;(16)<\/p>\n\n\n\n<p>1964&nbsp;&nbsp;&nbsp;&nbsp;&nbsp;&nbsp;&nbsp;&nbsp;&nbsp;&nbsp;&nbsp;&nbsp;&nbsp;&nbsp;&nbsp;&nbsp;Jerozolima&nbsp;&nbsp;&nbsp;&nbsp;&nbsp;&nbsp;&nbsp;&nbsp;&nbsp;&nbsp;&nbsp;&nbsp;&nbsp;&nbsp;&nbsp;&nbsp;&nbsp;&nbsp;4 miejsce&nbsp;&nbsp;&nbsp;&nbsp;&nbsp;&nbsp;&nbsp;&nbsp;&nbsp;(12)<\/p>\n\n\n\n<p>1966&nbsp;&nbsp;&nbsp;&nbsp;&nbsp;&nbsp;&nbsp;&nbsp;&nbsp;&nbsp;&nbsp;&nbsp;&nbsp;&nbsp;&nbsp;&nbsp;Polanica Zdr\u00f3j&nbsp;&nbsp;&nbsp;&nbsp;&nbsp;&nbsp;&nbsp;&nbsp;&nbsp;&nbsp;&nbsp;&nbsp;&nbsp;6 miejsce&nbsp;&nbsp;&nbsp;&nbsp;&nbsp;&nbsp;&nbsp;&nbsp;&nbsp;(15)<\/p>\n\n\n\n<p>1967&nbsp;&nbsp;&nbsp;&nbsp;&nbsp;&nbsp;&nbsp;&nbsp;&nbsp;&nbsp;&nbsp;&nbsp;&nbsp;&nbsp;&nbsp;&nbsp;Polanica Zdr\u00f3j&nbsp;&nbsp;&nbsp;&nbsp;&nbsp;&nbsp;&nbsp;&nbsp;&nbsp;&nbsp;&nbsp;&nbsp;&nbsp;4-6 miejsce&nbsp;&nbsp;&nbsp;&nbsp;&nbsp;(16)<\/p>\n\n\n\n<p>1968&nbsp;&nbsp;&nbsp;&nbsp;&nbsp;&nbsp;&nbsp;&nbsp;&nbsp;&nbsp;&nbsp;&nbsp;&nbsp;&nbsp;&nbsp;&nbsp;Wijk aan Zee&nbsp;&nbsp;&nbsp;&nbsp;&nbsp;&nbsp;&nbsp;&nbsp;&nbsp;&nbsp;&nbsp;&nbsp;&nbsp;&nbsp;&nbsp;1 miejsce w turnieju mistrz\u00f3w&nbsp;(16)<\/p>\n\n\n\n<p>&nbsp;&nbsp;&nbsp;&nbsp;&nbsp;&nbsp;&nbsp;&nbsp;&nbsp;&nbsp;&nbsp;&nbsp;&nbsp;&nbsp;&nbsp;&nbsp;&nbsp;&nbsp;&nbsp;&nbsp;&nbsp;&nbsp;&nbsp;&nbsp;&nbsp;&nbsp;&nbsp;&nbsp;&nbsp;&nbsp;&nbsp;&nbsp;&nbsp;&nbsp;&nbsp;&nbsp;Bognor Regis&nbsp;&nbsp;&nbsp;&nbsp;&nbsp;&nbsp;&nbsp;&nbsp;&nbsp;&nbsp;&nbsp;&nbsp;&nbsp;&nbsp;1 miejsce&nbsp;&nbsp;&nbsp;&nbsp;&nbsp;&nbsp;&nbsp;&nbsp;&nbsp;(52)<\/p>\n\n\n\n<p>&nbsp;&nbsp;&nbsp;&nbsp;&nbsp;&nbsp;&nbsp;&nbsp;&nbsp;&nbsp;&nbsp;&nbsp;&nbsp;&nbsp;&nbsp;&nbsp;&nbsp;&nbsp;&nbsp;&nbsp;&nbsp;&nbsp;&nbsp;&nbsp;&nbsp;&nbsp;&nbsp;&nbsp;&nbsp;&nbsp;&nbsp;&nbsp;&nbsp;&nbsp;&nbsp;&nbsp;Polanica Zdr\u00f3j&nbsp;&nbsp;&nbsp;&nbsp;&nbsp;&nbsp;&nbsp;&nbsp;&nbsp;&nbsp;&nbsp;&nbsp;&nbsp;3-5 miejsce&nbsp;&nbsp;&nbsp;&nbsp;&nbsp;(16)<\/p>\n\n\n\n<p>1969&nbsp;&nbsp;&nbsp;&nbsp;&nbsp;&nbsp;&nbsp;&nbsp;&nbsp;&nbsp;&nbsp;&nbsp;&nbsp;&nbsp;&nbsp;&nbsp;Wijk aan Zee&nbsp;&nbsp;&nbsp;&nbsp;&nbsp;&nbsp;&nbsp;&nbsp;&nbsp;&nbsp;&nbsp;&nbsp;&nbsp;&nbsp;&nbsp;7 miejsce w turnieju arcymistrz\u00f3w&nbsp;&nbsp;&nbsp;&nbsp;&nbsp;(16)<\/p>\n\n\n\n<p>Constanza&nbsp;&nbsp;&nbsp;&nbsp;&nbsp;&nbsp;&nbsp;&nbsp;&nbsp;&nbsp;&nbsp;&nbsp;&nbsp;&nbsp;&nbsp;&nbsp;&nbsp;&nbsp;&nbsp;2-3 miejsce&nbsp;&nbsp;&nbsp;&nbsp;&nbsp;(15)<\/p>\n\n\n\n<p>1970&nbsp;&nbsp;&nbsp;&nbsp;&nbsp;&nbsp;&nbsp;&nbsp;&nbsp;&nbsp;&nbsp;&nbsp;&nbsp;&nbsp;&nbsp;&nbsp;Wijk aan Zee&nbsp;&nbsp;&nbsp;&nbsp;&nbsp;&nbsp;&nbsp;&nbsp;&nbsp;&nbsp;&nbsp;&nbsp;&nbsp;&nbsp;&nbsp;7 miejsce w turnieju mistrz\u00f3w&nbsp;&nbsp;&nbsp;&nbsp;&nbsp;&nbsp;&nbsp;&nbsp;&nbsp;&nbsp;&nbsp;&nbsp;(16)<\/p>\n\n\n\n<p>1972&nbsp;&nbsp;&nbsp;&nbsp;&nbsp;&nbsp;&nbsp;&nbsp;&nbsp;&nbsp;&nbsp;&nbsp;&nbsp;&nbsp;&nbsp;&nbsp;U\u0142an Bator&nbsp;&nbsp;&nbsp;&nbsp;&nbsp;&nbsp;&nbsp;&nbsp;&nbsp;&nbsp;&nbsp;&nbsp;&nbsp;&nbsp;&nbsp;&nbsp;&nbsp;&nbsp;&nbsp;4-6 miejsce&nbsp;&nbsp;&nbsp;&nbsp;&nbsp;(12)<\/p>\n\n\n\n<p>1975&nbsp;&nbsp;&nbsp;&nbsp;&nbsp;&nbsp;&nbsp;&nbsp;&nbsp;&nbsp;&nbsp;&nbsp;&nbsp;&nbsp;&nbsp;&nbsp;Polanica Zdr\u00f3j&nbsp;&nbsp;&nbsp;&nbsp;&nbsp;&nbsp;&nbsp;&nbsp;&nbsp;&nbsp;&nbsp;&nbsp;&nbsp;3 miejsce&nbsp;&nbsp;&nbsp;&nbsp;&nbsp;&nbsp;&nbsp;&nbsp;&nbsp;(16)<\/p>\n\n\n\n<p>1977&nbsp;&nbsp;&nbsp;&nbsp;&nbsp;&nbsp;&nbsp;&nbsp;&nbsp;&nbsp;&nbsp;&nbsp;&nbsp;&nbsp;&nbsp;&nbsp;\u010coka&nbsp;&nbsp;&nbsp;&nbsp;&nbsp;&nbsp;&nbsp;&nbsp;&nbsp;&nbsp;&nbsp;&nbsp;&nbsp;&nbsp;&nbsp;&nbsp;&nbsp;&nbsp;&nbsp;&nbsp;&nbsp;&nbsp;&nbsp;&nbsp;&nbsp;&nbsp;&nbsp;1-2 miejsce&nbsp;&nbsp;&nbsp;&nbsp;&nbsp;(12)<\/p>\n\n\n\n<p>1979&nbsp;&nbsp;&nbsp;&nbsp;&nbsp;&nbsp;&nbsp;&nbsp;&nbsp;&nbsp;&nbsp;&nbsp;&nbsp;&nbsp;&nbsp;&nbsp;Subotica&nbsp;&nbsp;&nbsp;&nbsp;&nbsp;&nbsp;&nbsp;&nbsp;&nbsp;&nbsp;&nbsp;&nbsp;&nbsp;&nbsp;&nbsp;&nbsp;&nbsp;&nbsp;&nbsp;&nbsp;&nbsp;&nbsp;3-5 miejsce&nbsp;&nbsp;&nbsp;&nbsp;&nbsp;(16)<\/p>\n\n\n\n<p>1980&nbsp;&nbsp;&nbsp;&nbsp;&nbsp;&nbsp;&nbsp;&nbsp;&nbsp;&nbsp;&nbsp;&nbsp;&nbsp;&nbsp;&nbsp;&nbsp;Courchevel&nbsp;&nbsp;&nbsp;&nbsp;&nbsp;&nbsp;&nbsp;&nbsp;&nbsp;&nbsp;&nbsp;&nbsp;&nbsp;&nbsp;&nbsp;&nbsp;&nbsp;3-4 miejsce&nbsp;&nbsp;&nbsp;&nbsp;&nbsp;(16)<\/p>\n\n\n\n<p>Za wyniki uzyskane w 1962 r. w Berlinie i na XV Olimpiadzie w Z\u0142otych Piaskach FIDE nada\u0142a Dodzie w 1964 r. tytu\u0142 mistrza mi\u0119dzynarodowego &#8211; IM. W 1969 r. w&nbsp;<a href=\"http:\/\/pl.wikipedia.org\/wiki\/Wijk_aan_Zee\">Wijk aan Zee<\/a>&nbsp;by\u0142 bliski wype\u0142nienia normy&nbsp;<a href=\"http:\/\/pl.wikipedia.org\/wiki\/Arcymistrz\">arcymistrzowskiej<\/a>, uczestnicz\u0105c w niezwykle silnym turnieju z udzia\u0142em 15 arcymistrz\u00f3w czo\u0142\u00f3wki \u015bwiatowej i zaj\u0105\u0142 VII miejsce; zwyci\u0119\u017cy\u0142&nbsp;wtedy&nbsp;<a href=\"http:\/\/pl.wikipedia.org\/wiki\/Jefim_Geller\">Jefim Geller<\/a>&nbsp;przed&nbsp;by\u0142ym mistrzem \u015bwiata&nbsp;<a href=\"http:\/\/pl.wikipedia.org\/wiki\/Michai%C5%82_Botwinnik\">Michai\u0142em Botwinnikiem<\/a>,&nbsp;<a href=\"http:\/\/pl.wikipedia.org\/wiki\/Lajos_Portisch\">Lajosem Portischem<\/a>&nbsp;i&nbsp;<a href=\"http:\/\/pl.wikipedia.org\/wiki\/Paul_Keres\">Paulem Keresem<\/a>. Najwy\u017cszy&nbsp;<a href=\"http:\/\/pl.wikipedia.org\/wiki\/Ranking_szachowy\">ranking<\/a>&nbsp;w karierze&nbsp;Zb. Doda&nbsp;osi\u0105gn\u0105\u0142 1.07.1971 r., gdy z wynikiem 2430 pkt. by\u0142 w\u015br\u00f3d Polak\u00f3w drugi, za arcymistrzem&nbsp;<a href=\"http:\/\/pl.wikipedia.org\/wiki\/W%C5%82odzimierz_Schmidt\">W\u0142odzimierzem Schmidt<\/a>em. Doda reprezentowa\u0142 pozycyjno-atakuj\u0105cy styl gry, ze szczeg\u00f3lnym upodobaniem rozgrywa\u0142 r\u00f3\u017cne warianty&nbsp;<a href=\"http:\/\/pl.wikipedia.org\/wiki\/Obrona_Benoni\">obrony Benoni<\/a>, w kt\u00f3rej mia\u0142 na swym koncie kilka w\u0142asnych, opublikowanych i uznanych analiz, i w kt\u00f3rej pokona\u0142 m.in. wybitnego jugos\u0142owia\u0144skiego&nbsp;arcymistrza&nbsp;<a href=\"http:\/\/pl.wikipedia.org\/wiki\/Svetozar_Gligori%C4%87\">Svetozara Gligoricia<\/a>, w latach 60-tych XX wieku jednego z pretendent\u00f3w do tytu\u0142u mistrza \u015bwiata.<\/p>\n\n\n\n<p>T\u0119 parti\u0119 mo\u017cna zobaczy\u0107 na stronie: <a href=\"https:\/\/kszlech.pl\/index.php\/ciekawe-partie-lechitow\/zbigniew-doda\/\">S. Gligori\u0107 \u2013 Zb. Doda<\/a><\/p>\n\n\n\n<p>W 1969 r., w trakcie arcymistrzowskiego turnieju w Holandii, Doda pokona\u0142 m.in. wybitnego arcymistrza z Islandii Fridrika Olafssona, kt\u00f3ry 9 lat p\u00f3\u017aniej zosta\u0142 wybrany prezydentem Mi\u0119dzynarodowej Federacji Szachowej.&nbsp;<\/p>\n\n\n\n<p><strong>Partia angielska<\/strong><\/p>\n\n\n\n<p><strong>F. Olafsson \u2013 Zb. Doda, Wijk aan Zee 1969<\/strong><\/p>\n\n\n\n<p>1. c4 c5&nbsp;&nbsp;2.&nbsp;Sc3 g6&nbsp;&nbsp;3. Sf3 Gg7&nbsp;&nbsp;4. g3 Sc6&nbsp;&nbsp;5. Gg2 a6&nbsp;&nbsp;6. 0-0 Wb8&nbsp;&nbsp;7. d3 d6&nbsp;&nbsp;8. Gd2 Sf6&nbsp;&nbsp;9. Sd5 0-0&nbsp;&nbsp;10. Gc3 e5&nbsp;&nbsp;11. Sd2 S:d5&nbsp;&nbsp;12. cd5 Cd4&nbsp;&nbsp;13. Sc4 b5&nbsp;&nbsp;14. Ga5 He7&nbsp;&nbsp;15. Sb6 Gg4&nbsp;&nbsp;16.&nbsp;We1 S:e2+&nbsp;&nbsp;17. W:e2 G:e2&nbsp;&nbsp;18. H:e2 Ha7&nbsp;&nbsp;19. b4 e4&nbsp;&nbsp;20. Wb1 ed3&nbsp;&nbsp;21. H:d3 W:b6&nbsp;&nbsp;22. bc5 dc5&nbsp;&nbsp;23. G:b6 H:b6&nbsp;&nbsp;24. a4 Wb8&nbsp;&nbsp;25. ab5 ab5&nbsp;&nbsp;26. d6 Gd4&nbsp;&nbsp;27. d7 Hd6&nbsp;&nbsp;28. W:b5 Wd8&nbsp;&nbsp;29.&nbsp;Hf3 W:d7&nbsp;&nbsp;30. Gf1 He6&nbsp;&nbsp;31. Wb8+ Kg7&nbsp;&nbsp;32. Wc8 Wa7&nbsp;&nbsp;33. Wc6 He1&nbsp;&nbsp;34.&nbsp;He2 Hb1&nbsp;&nbsp;35. W:c5 Wa2&nbsp;&nbsp;36. Wc1 Hb3&nbsp;&nbsp;37. Hd3 Hb2 i w tej beznadziejnej pozycji bia\u0142e przekroczy\u0142y czas (38. Wc2 G:f2+).<\/p>\n\n\n\n<p>Wysoki i przystojny, zawsze pogodny i dowcipny, dla przyjaci\u00f3\u0142 &#8211; Zbyszek, by\u0142 ulubie\u0144cem kibic\u00f3w szachowych; rozegra\u0142 niezliczon\u0105 ilo\u015b\u0107 symultan, odby\u0142 wiele spotka\u0144, wyk\u0142ad\u00f3w, po\u015bwi\u0119ci\u0142 setki godzin na analizy, przekazywa\u0142 swoje niezwykle cenne rady i uwagi m\u0142odszym kolegom klubowym i innym mi\u0142o\u015bnikom szach\u00f3w.<\/p>\n\n\n\n<p><em>Janusz Woda<\/em><\/p>\n","protected":false},"excerpt":{"rendered":"<p>Mistrz mi\u0119dzynarodowy Zbigniew Doda Najwybitniejszy szachista w historii naszego Klubu Zbigniew Doda, kt\u00f3ry urodzi\u0142 si\u0119 22.02.1931 r. w Poznaniu, zmar\u0142&nbsp;&nbsp;8.02.2013 r. tak\u017ce w Poznaniu; by\u0142 jednym z czo\u0142owych polskich szachist\u00f3w w okresie po II wojnie \u015bwiatowej. Z tajnikami kr\u00f3lewskiej gry zapozna\u0142 si\u0119 w wieku 9 lat, ale powa\u017cnie zainteresowa\u0142 si\u0119 szachami dopiero po uko\u0144czeniu szko\u0142y &hellip; <\/p>\n<p class=\"link-more\"><a href=\"https:\/\/kszlech.pl\/index.php\/zbigniew-doda\/\" class=\"more-link\">Read more<span class=\"screen-reader-text\"> &#8222;Zbigniew Doda&#8221;<\/span><\/a><\/p>\n","protected":false},"author":2,"featured_media":0,"parent":0,"menu_order":0,"comment_status":"closed","ping_status":"closed","template":"","meta":{"footnotes":""},"class_list":["post-2750","page","type-page","status-publish","hentry"],"_links":{"self":[{"href":"https:\/\/kszlech.pl\/index.php\/wp-json\/wp\/v2\/pages\/2750","targetHints":{"allow":["GET"]}}],"collection":[{"href":"https:\/\/kszlech.pl\/index.php\/wp-json\/wp\/v2\/pages"}],"about":[{"href":"https:\/\/kszlech.pl\/index.php\/wp-json\/wp\/v2\/types\/page"}],"author":[{"embeddable":true,"href":"https:\/\/kszlech.pl\/index.php\/wp-json\/wp\/v2\/users\/2"}],"replies":[{"embeddable":true,"href":"https:\/\/kszlech.pl\/index.php\/wp-json\/wp\/v2\/comments?post=2750"}],"version-history":[{"count":5,"href":"https:\/\/kszlech.pl\/index.php\/wp-json\/wp\/v2\/pages\/2750\/revisions"}],"predecessor-version":[{"id":2957,"href":"https:\/\/kszlech.pl\/index.php\/wp-json\/wp\/v2\/pages\/2750\/revisions\/2957"}],"wp:attachment":[{"href":"https:\/\/kszlech.pl\/index.php\/wp-json\/wp\/v2\/media?parent=2750"}],"curies":[{"name":"wp","href":"https:\/\/api.w.org\/{rel}","templated":true}]}}