{"id":147,"date":"2022-03-24T12:56:02","date_gmt":"2022-03-24T11:56:02","guid":{"rendered":"https:\/\/test.kszlech.pl\/?page_id=147"},"modified":"2022-04-24T13:27:43","modified_gmt":"2022-04-24T11:27:43","slug":"najlepsi-zawodnicy","status":"publish","type":"page","link":"https:\/\/kszlech.pl\/index.php\/najlepsi-zawodnicy\/","title":{"rendered":"Najlepsi zawodnicy"},"content":{"rendered":"\n<p>Na dobry pocz\u0105tek &#8211; \u017cyciorys i dokonania najwybitniejszego szachisty naszego Klubu &#8211; mistrza mi\u0119dzynarodowego Zbigniewa Dody; dalsze sylwetki zas\u0142u\u017conych dla Klubu zawodnik\u00f3w i dzia\u0142aczy &#8211; w przygotowaniu. &#8230;<\/p>\n\n\n\n<ul class=\"wp-block-list\"><li><a href=\"https:\/\/kszlech.pl\/index.php\/stanislaw-skowronski\/\" data-type=\"page\" data-id=\"2747\">Stanis\u0142aw Skowro\u0144ski<\/a><\/li><li>IM <a href=\"https:\/\/kszlech.pl\/index.php\/zbigniew-doda\/\" data-type=\"page\" data-id=\"2750\">Zbigniew Doda<\/a><\/li><li>FM Ryszard Bernard, <a href=\"http:\/\/www.szachypolskie.pl\/ryszard-bernard\/\">http:\/\/www.szachypolskie.pl\/ryszard-bernard\/<\/a><\/li><li>IM Pawe\u0142 Stempin, <a href=\"http:\/\/www.szachypolskie.pl\/pawel-stempin\/\">http:\/\/www.szachypolskie.pl\/pawel-stempin\/<\/a><\/li><li>FM Jacek Woda, <a href=\"http:\/\/www.szachypolskie.pl\/jacek-woda\/\">http:\/\/www.szachypolskie.pl\/jacek-woda\/<\/a><\/li><li>IM Dominik P\u0119dzich, <a href=\"http:\/\/www.szachypolskie.pl\/dominik-pedzich\/\">http:\/\/www.szachypolskie.pl\/dominik-pedzich\/<\/a><\/li><li>Janusz Woda, <a href=\"http:\/\/www.szachypolskie.pl\/janusz-woda\/\">http:\/\/www.szachypolskie.pl\/janusz-woda\/<\/a><\/li><li>Agata Smarsz (Sikorska), <a href=\"http:\/\/www.szachypolskie.pl\/agata-smarsz\/\">http:\/\/www.szachypolskie.pl\/agata-smarsz\/<\/a><\/li><\/ul>\n\n\n\n<p><\/p>\n","protected":false},"excerpt":{"rendered":"<p>Na dobry pocz\u0105tek &#8211; \u017cyciorys i dokonania najwybitniejszego szachisty naszego Klubu &#8211; mistrza mi\u0119dzynarodowego Zbigniewa Dody; dalsze sylwetki zas\u0142u\u017conych dla Klubu zawodnik\u00f3w i dzia\u0142aczy &#8211; w przygotowaniu. &#8230; Stanis\u0142aw Skowro\u0144ski IM Zbigniew Doda FM Ryszard Bernard, http:\/\/www.szachypolskie.pl\/ryszard-bernard\/ IM Pawe\u0142 Stempin, http:\/\/www.szachypolskie.pl\/pawel-stempin\/ FM Jacek Woda, http:\/\/www.szachypolskie.pl\/jacek-woda\/ IM Dominik P\u0119dzich, http:\/\/www.szachypolskie.pl\/dominik-pedzich\/ Janusz Woda, http:\/\/www.szachypolskie.pl\/janusz-woda\/ Agata Smarsz (Sikorska), &hellip; <\/p>\n<p class=\"link-more\"><a href=\"https:\/\/kszlech.pl\/index.php\/najlepsi-zawodnicy\/\" class=\"more-link\">Read more<span class=\"screen-reader-text\"> &#8222;Najlepsi zawodnicy&#8221;<\/span><\/a><\/p>\n","protected":false},"author":2,"featured_media":0,"parent":0,"menu_order":0,"comment_status":"closed","ping_status":"closed","template":"","meta":{"footnotes":""},"class_list":["post-147","page","type-page","status-publish","hentry"],"_links":{"self":[{"href":"https:\/\/kszlech.pl\/index.php\/wp-json\/wp\/v2\/pages\/147","targetHints":{"allow":["GET"]}}],"collection":[{"href":"https:\/\/kszlech.pl\/index.php\/wp-json\/wp\/v2\/pages"}],"about":[{"href":"https:\/\/kszlech.pl\/index.php\/wp-json\/wp\/v2\/types\/page"}],"author":[{"embeddable":true,"href":"https:\/\/kszlech.pl\/index.php\/wp-json\/wp\/v2\/users\/2"}],"replies":[{"embeddable":true,"href":"https:\/\/kszlech.pl\/index.php\/wp-json\/wp\/v2\/comments?post=147"}],"version-history":[{"count":12,"href":"https:\/\/kszlech.pl\/index.php\/wp-json\/wp\/v2\/pages\/147\/revisions"}],"predecessor-version":[{"id":2763,"href":"https:\/\/kszlech.pl\/index.php\/wp-json\/wp\/v2\/pages\/147\/revisions\/2763"}],"wp:attachment":[{"href":"https:\/\/kszlech.pl\/index.php\/wp-json\/wp\/v2\/media?parent=147"}],"curies":[{"name":"wp","href":"https:\/\/api.w.org\/{rel}","templated":true}]}}