{"id":144,"date":"2022-03-24T12:55:47","date_gmt":"2022-03-24T11:55:47","guid":{"rendered":"https:\/\/test.kszlech.pl\/?page_id=144"},"modified":"2025-04-28T15:03:31","modified_gmt":"2025-04-28T13:03:31","slug":"czlonkowie-klubu","status":"publish","type":"page","link":"https:\/\/kszlech.pl\/index.php\/czlonkowie-klubu\/","title":{"rendered":"Cz\u0142onkowie klubu"},"content":{"rendered":"\n<p><strong>Klub Szachowy LECH liczy ju\u017c ponad 100 cz\u0142onk\u00f3w!<\/strong><\/p>\n\n\n\n<p>Od kilkunastu lat liczba cz\u0142onk\u00f3w naszego Klubu, g\u0142\u00f3wnie dzi\u0119ki czo\u0142owym uczestnikom\u00a0Szk\u00f3\u0142ki Szachowej, utrzymuje si\u0119 na poziomie powy\u017cej p\u00f3\u0142 setki. Jak w ka\u017cdym \u015brodowisku, tak i u nas maj\u0105 niestety miejsce smutne momenty, gdy odchodz\u0105 na zawsze zas\u0142u\u017ceni, wybitni szachi\u015bci, s\u0119dziowie i dzia\u0142acze. Wy\u0142\u0105czani s\u0105 ponadto z naszego grona szachi\u015bci, kt\u00f3rzy od d\u0142u\u017cszego czasu s\u0105 nieaktywni, a co gorsza uwa\u017caj\u0105, \u017ce nie musz\u0105, zgodnie ze Statutem Klubu, regulowa\u0107 sk\u0142adek cz\u0142onkowskich, maj\u0105cych wa\u017cne znaczenie dla wsp\u00f3lnych przecie\u017c dzia\u0142a\u0144. Zg\u0142aszaj\u0105 si\u0119 jednak kolejni ch\u0119tni, a w\u015br\u00f3d nich dawni cz\u0142onkowie kolejarskiego Lecha, kt\u00f3rzy po latach przerw, spowodowanych r\u00f3\u017cnymi \u017cyciowymi problemami, wracaj\u0105 do uprawiania <em>kr\u00f3lewskiej gry<\/em>.<\/p>\n\n\n\n<p>Stan na 28. kwietnia 2025r. to 118 szachist\u00f3w.<\/p>\n\n\n\n<p class=\"has-text-align-center has-luminous-vivid-amber-background-color has-background\"><a href=\"http:\/\/www.cr-pzszach.pl\/ew\/viewpage.php?page_id=2&amp;zwiazek=&amp;klub_pers_id=376\">CENTRALNY REJESTR CZ\u0141ONK\u00d3W POLSKIEGO ZWI\u0104ZKU SZACHOWEGO<\/a><br>Klub Szachowy &#8222;LECH Pozna\u0144&#8221;<\/p>\n\n\n\n<p><\/p>\n","protected":false},"excerpt":{"rendered":"<p>Klub Szachowy LECH liczy ju\u017c ponad 100 cz\u0142onk\u00f3w! Od kilkunastu lat liczba cz\u0142onk\u00f3w naszego Klubu, g\u0142\u00f3wnie dzi\u0119ki czo\u0142owym uczestnikom\u00a0Szk\u00f3\u0142ki Szachowej, utrzymuje si\u0119 na poziomie powy\u017cej p\u00f3\u0142 setki. Jak w ka\u017cdym \u015brodowisku, tak i u nas maj\u0105 niestety miejsce smutne momenty, gdy odchodz\u0105 na zawsze zas\u0142u\u017ceni, wybitni szachi\u015bci, s\u0119dziowie i dzia\u0142acze. Wy\u0142\u0105czani s\u0105 ponadto z naszego &hellip; <\/p>\n<p class=\"link-more\"><a href=\"https:\/\/kszlech.pl\/index.php\/czlonkowie-klubu\/\" class=\"more-link\">Read more<span class=\"screen-reader-text\"> &#8222;Cz\u0142onkowie klubu&#8221;<\/span><\/a><\/p>\n","protected":false},"author":2,"featured_media":0,"parent":0,"menu_order":0,"comment_status":"closed","ping_status":"closed","template":"","meta":{"footnotes":""},"class_list":["post-144","page","type-page","status-publish","hentry"],"_links":{"self":[{"href":"https:\/\/kszlech.pl\/index.php\/wp-json\/wp\/v2\/pages\/144","targetHints":{"allow":["GET"]}}],"collection":[{"href":"https:\/\/kszlech.pl\/index.php\/wp-json\/wp\/v2\/pages"}],"about":[{"href":"https:\/\/kszlech.pl\/index.php\/wp-json\/wp\/v2\/types\/page"}],"author":[{"embeddable":true,"href":"https:\/\/kszlech.pl\/index.php\/wp-json\/wp\/v2\/users\/2"}],"replies":[{"embeddable":true,"href":"https:\/\/kszlech.pl\/index.php\/wp-json\/wp\/v2\/comments?post=144"}],"version-history":[{"count":10,"href":"https:\/\/kszlech.pl\/index.php\/wp-json\/wp\/v2\/pages\/144\/revisions"}],"predecessor-version":[{"id":4007,"href":"https:\/\/kszlech.pl\/index.php\/wp-json\/wp\/v2\/pages\/144\/revisions\/4007"}],"wp:attachment":[{"href":"https:\/\/kszlech.pl\/index.php\/wp-json\/wp\/v2\/media?parent=144"}],"curies":[{"name":"wp","href":"https:\/\/api.w.org\/{rel}","templated":true}]}}