{"id":141,"date":"2022-03-24T12:55:25","date_gmt":"2022-03-24T11:55:25","guid":{"rendered":"https:\/\/test.kszlech.pl\/?page_id=141"},"modified":"2025-07-06T20:04:34","modified_gmt":"2025-07-06T18:04:34","slug":"zarzad-klubu","status":"publish","type":"page","link":"https:\/\/kszlech.pl\/index.php\/zarzad-klubu\/","title":{"rendered":"Zarz\u0105d klubu"},"content":{"rendered":"\n<p><strong>W\u0142adze Klubu Szachowego LECH Pozna\u0144<\/strong><\/p>\n\n\n\n<h1 class=\"wp-block-heading\"><strong>ZARZ\u0104D:<\/strong><\/h1>\n\n\n\n<figure class=\"wp-block-table is-style-stripes\"><table><tbody><tr><td><strong>Prezes<\/strong><\/td><td><strong>Karol MICHALSKI<\/strong><\/td><\/tr><tr><td><strong>Wiceprezes<\/strong><\/td><td><strong>Filip KOLENDO<\/strong><\/td><\/tr><tr><td><strong>Skarbnik<\/strong><\/td><td><strong>Maria KOTOK<\/strong><\/td><\/tr><tr><td><strong>Sekretarz<\/strong><\/td><td><strong>Agata SMARSZ<\/strong><\/td><\/tr><tr><td><strong>Cz\u0142onek<\/strong><\/td><td><strong>Sebastian RUBINOWSKI<\/strong><\/td><\/tr><\/tbody><\/table><\/figure>\n\n\n\n<h1 class=\"wp-block-heading\">&nbsp;<strong>KOMISJA REWIZYJNA:<\/strong><\/h1>\n\n\n\n<figure class=\"wp-block-table is-style-stripes\"><table><tbody><tr><td><strong>Przewodnicz\u0105cy<\/strong><\/td><td><strong>J\u00f3zef NICIKOWSKI<\/strong><\/td><\/tr><tr><td><strong>Cz\u0142onek<\/strong><\/td><td><strong>Dariusz PAWLICKI<\/strong><\/td><\/tr><\/tbody><\/table><\/figure>\n\n\n\n<h2 class=\"wp-block-heading\">Historia &#8211; w\u0142adze\u00a0KSz LECH<\/h2>\n\n\n\n<p><strong>Zarz\u0105d Klubu<\/strong>:<\/p>\n\n\n\n<p>12.04.2025 &#8211; &#8230;<\/p>\n\n\n\n<ul class=\"wp-block-list\">\n<li>Karol Michalski &#8211; prezes<\/li>\n\n\n\n<li>Filip Kolendo &#8211; wiceprezes<\/li>\n\n\n\n<li>Maria Kotok &#8211; skarbnik<\/li>\n\n\n\n<li>Agata Smarsz<\/li>\n\n\n\n<li>Sebastian Rubinowski<\/li>\n<\/ul>\n\n\n\n<p>18.12.2021 &#8211; 12.04.2025<\/p>\n\n\n\n<ul class=\"wp-block-list\">\n<li>Karol Michalski &#8211; prezes<\/li>\n\n\n\n<li>Filip Kolendo &#8211; wiceprezes<\/li>\n\n\n\n<li>Brygida Kozio\u0142 &#8211; skarbnik (do 5.02.2025)<\/li>\n\n\n\n<li>Agata Smarsz<\/li>\n\n\n\n<li>Dominik P\u0119dzich (do 10.09.2023)<\/li>\n\n\n\n<li>Dawid Janaszak (10.09.2023 &#8211; 10.05.2024)<\/li>\n<\/ul>\n\n\n\n<p>13.10.2018 &#8211; 18.12.2021<\/p>\n\n\n\n<ul class=\"wp-block-list\">\n<li>Jacek Woda &#8211; prezes<\/li>\n\n\n\n<li>J\u00f3zef Nicikowski &#8211; wiceprezes ds. organizacyjnych<\/li>\n\n\n\n<li>Dariusz Pawlicki &#8211; wiceprezes ds. finansowych<\/li>\n\n\n\n<li>Tadeusz Agaci\u0144ski\u00a0&#8211; sekretarz<\/li>\n<\/ul>\n\n\n\n<p>23.04.2014 &#8211; 13.10.2018<\/p>\n\n\n\n<ul class=\"wp-block-list\">\n<li>Jacek Woda\u00a0&#8211; prezes,<\/li>\n\n\n\n<li>J\u00f3zef\u00a0Nicikowski &#8211; wiceprezes ds. organizacyjnych<\/li>\n\n\n\n<li>Dorota Sikorska\u00a0&#8211;\u00a0wiceprezes ds. m\u0142odzie\u017cowych<\/li>\n\n\n\n<li>Leon Miklosik\u00a0&#8211; sekretarz,<\/li>\n\n\n\n<li>Dariusz Pawlicki\u00a0&#8211; skarbnik.<\/li>\n<\/ul>\n\n\n\n<p>16.06.2012 &#8211; 23.04.2014<\/p>\n\n\n\n<ul class=\"wp-block-list\">\n<li>Jacek Woda\u00a0&#8211; prezes,<\/li>\n\n\n\n<li>Dariusz Pawlicki &#8211; wiceprezes<\/li>\n\n\n\n<li>Emilia Podymska &#8211; wiceprezes<\/li>\n\n\n\n<li>Leon Miklosik\u00a0&#8211; sekretarz<\/li>\n\n\n\n<li>Marcin Bernat &#8211; skarbnik.<\/li>\n<\/ul>\n\n\n\n<p>3.11.2005 &#8211; 16.06.2012<\/p>\n\n\n\n<ul class=\"wp-block-list\">\n<li>Jacek Woda\u00a0&#8211; prezes,<\/li>\n\n\n\n<li>Dariusz Pawlicki &#8211; wiceprezes<\/li>\n\n\n\n<li>Jarmu\u017cek Jaros\u0142aw\u00a0&#8211; wiceprezes<\/li>\n\n\n\n<li>Leon Miklosik\u00a0&#8211; sekretarz<\/li>\n\n\n\n<li>Ewa Sikorska &#8211; skarbnik.<\/li>\n<\/ul>\n\n\n\n<p><strong>Sk\u0142ad Komisji Rewizyjnej:<\/strong><\/p>\n\n\n\n<ul class=\"wp-block-list\">\n<li>2021 &#8211; &#8230;: J\u00f3zef Nicikowski &#8211; przewodnicz\u0105cy, Dariusz Pawlicki<\/li>\n\n\n\n<li>2018 &#8211; 2021: Karol Michalski &#8211;\u00a0przewodnicz\u0105cy, Janusz Woda<\/li>\n\n\n\n<li>2012 &#8211;\u00a02014: Tadeusz Zieli\u0144ski\u00a0&#8211;\u00a0przewodnicz\u0105cy,\u00a0Marek Okonek, Janusz Woda <\/li>\n\n\n\n<li>2008 &#8211; 2012: Tadeusz Zieli\u0144ski\u00a0&#8211;\u00a0przewodnicz\u0105cy,\u00a0Jan Dawid Purzycki, Janusz Woda <\/li>\n<\/ul>\n\n\n\n<p><\/p>\n","protected":false},"excerpt":{"rendered":"<p>W\u0142adze Klubu Szachowego LECH Pozna\u0144 ZARZ\u0104D: Prezes Karol MICHALSKI Wiceprezes Filip KOLENDO Skarbnik Maria KOTOK Sekretarz Agata SMARSZ Cz\u0142onek Sebastian RUBINOWSKI &nbsp;KOMISJA REWIZYJNA: Przewodnicz\u0105cy J\u00f3zef NICIKOWSKI Cz\u0142onek Dariusz PAWLICKI Historia &#8211; w\u0142adze\u00a0KSz LECH Zarz\u0105d Klubu: 12.04.2025 &#8211; &#8230; 18.12.2021 &#8211; 12.04.2025 13.10.2018 &#8211; 18.12.2021 23.04.2014 &#8211; 13.10.2018 16.06.2012 &#8211; 23.04.2014 3.11.2005 &#8211; 16.06.2012 Sk\u0142ad Komisji &hellip; <\/p>\n<p class=\"link-more\"><a href=\"https:\/\/kszlech.pl\/index.php\/zarzad-klubu\/\" class=\"more-link\">Read more<span class=\"screen-reader-text\"> &#8222;Zarz\u0105d klubu&#8221;<\/span><\/a><\/p>\n","protected":false},"author":2,"featured_media":0,"parent":0,"menu_order":0,"comment_status":"closed","ping_status":"closed","template":"","meta":{"footnotes":""},"class_list":["post-141","page","type-page","status-publish","hentry"],"_links":{"self":[{"href":"https:\/\/kszlech.pl\/index.php\/wp-json\/wp\/v2\/pages\/141","targetHints":{"allow":["GET"]}}],"collection":[{"href":"https:\/\/kszlech.pl\/index.php\/wp-json\/wp\/v2\/pages"}],"about":[{"href":"https:\/\/kszlech.pl\/index.php\/wp-json\/wp\/v2\/types\/page"}],"author":[{"embeddable":true,"href":"https:\/\/kszlech.pl\/index.php\/wp-json\/wp\/v2\/users\/2"}],"replies":[{"embeddable":true,"href":"https:\/\/kszlech.pl\/index.php\/wp-json\/wp\/v2\/comments?post=141"}],"version-history":[{"count":23,"href":"https:\/\/kszlech.pl\/index.php\/wp-json\/wp\/v2\/pages\/141\/revisions"}],"predecessor-version":[{"id":4064,"href":"https:\/\/kszlech.pl\/index.php\/wp-json\/wp\/v2\/pages\/141\/revisions\/4064"}],"wp:attachment":[{"href":"https:\/\/kszlech.pl\/index.php\/wp-json\/wp\/v2\/media?parent=141"}],"curies":[{"name":"wp","href":"https:\/\/api.w.org\/{rel}","templated":true}]}}